{"id":1191,"date":"2022-03-10T15:29:59","date_gmt":"2022-03-10T15:29:59","guid":{"rendered":"http:\/\/epm.com.mx\/?page_id=1191"},"modified":"2022-03-10T15:33:51","modified_gmt":"2022-03-10T15:33:51","slug":"aviso-de-privacidad","status":"publish","type":"page","link":"https:\/\/epm.com.mx\/?page_id=1191","title":{"rendered":"Aviso de privacidad"},"content":{"rendered":"\t\t<div data-elementor-type=\"wp-page\" data-elementor-id=\"1191\" class=\"elementor elementor-1191\">\n\t\t\t\t\t\t<section class=\"elementor-section elementor-top-section elementor-element elementor-element-8a0a673 elementor-section-content-middle envato-kit-141-top-0 elementor-section-boxed elementor-section-height-default elementor-section-height-default\" data-id=\"8a0a673\" data-element_type=\"section\" data-e-type=\"section\" data-settings=\"{&quot;background_background&quot;:&quot;classic&quot;}\">\n\t\t\t\t\t\t\t<div class=\"elementor-background-overlay\"><\/div>\n\t\t\t\t\t\t\t<div class=\"elementor-container elementor-column-gap-wide\">\n\t\t\t\t\t<div class=\"elementor-column elementor-col-100 elementor-top-column elementor-element elementor-element-5464ca73\" data-id=\"5464ca73\" data-element_type=\"column\" data-e-type=\"column\">\n\t\t\t<div class=\"elementor-widget-wrap elementor-element-populated\">\n\t\t\t\t\t\t<section class=\"elementor-section elementor-inner-section elementor-element elementor-element-795adcae elementor-section-boxed elementor-section-height-default elementor-section-height-default\" data-id=\"795adcae\" data-element_type=\"section\" data-e-type=\"section\">\n\t\t\t\t\t\t<div class=\"elementor-container elementor-column-gap-no\">\n\t\t\t\t\t<div class=\"elementor-column elementor-col-100 elementor-inner-column elementor-element elementor-element-7ab3fd6e\" data-id=\"7ab3fd6e\" data-element_type=\"column\" data-e-type=\"column\">\n\t\t\t<div class=\"elementor-widget-wrap elementor-element-populated\">\n\t\t\t\t\t\t<div class=\"elementor-element elementor-element-2580c2e6 elementor-widget elementor-widget-text-editor\" data-id=\"2580c2e6\" data-element_type=\"widget\" data-e-type=\"widget\" data-widget_type=\"text-editor.default\">\n\t\t\t\t<div class=\"elementor-widget-container\">\n\t\t\t\t\t\t\t\t\t<p>El presente documento constituye el \u201cAviso de Privacidad\u201d de E&amp;P Plastic SA de CV, y de sus<br \/>filiales y subsidiarias (en lo sucesivo \u201cE&amp;P\u201d), con domicilio Tri\u00e1ngulos 109 parque industrial<br \/>Arco Vial, Garcia N.L., M\u00e9xico C.P. 66000, en donde se establece la manera en que ser\u00e1<br \/>tratada su informaci\u00f3n por parte de E&amp;P, as\u00ed como la finalidad para la que fue recabada, lo<br \/>anterior de conformidad con los art\u00edculos 15 y 16 de Ley Federal de Protecci\u00f3n de Datos<br \/>Personales en Posesi\u00f3n de los Particulares (la \u201cLey\u201d).<\/p><p>E&amp;P respeta su derecho a la privacidad y protecci\u00f3n de datos personales, datos personales<br \/>sensibles, incluyendo sus datos financieros o patrimoniales, los cuales est\u00e1n amparados bajo<br \/>la Ley. La base de datos en donde consta su informaci\u00f3n es responsabilidad de E&amp;P, asimismo<br \/>su informaci\u00f3n se encuentra debidamente resguardada conforme a las disposiciones de<br \/>seguridad administrativa, t\u00e9cnica y f\u00edsica, establecidas en la Ley de la materia, para<br \/>protegerla de los posibles da\u00f1os, p\u00e9rdidas, alteraci\u00f3n o acceso no autorizado.<\/p><p>Datos Sensibles<br \/>El Titular de la Informaci\u00f3n reconoce y acepta, que debido a su relaci\u00f3n con E&amp;P no ha<br \/>proporcionado, ni tendr\u00e1 que proporcionar \u201cdatos personales sensibles\u201d, es decir, aquellos<br \/>datos personales \u00edntimos o cuya realizaci\u00f3n debida o indebida pueda dar origen a<br \/>discriminaci\u00f3n o conlleve un riesgo grave para \u00e9ste. En el supuesto de que el Titular de la<br \/>Informaci\u00f3n proporcione datos del tipo de los llamados sensibles, deber\u00e1 estar de acuerdo<br \/>en proporcionarlos previamente y dejar\u00e1 a E&amp;P libre de cualquier queja o reclamaci\u00f3n<br \/>respectiva.<\/p><p>Solicitudes<br \/>El titular podr\u00e1 ejercer los derechos de acceso, rectificaci\u00f3n, cancelaci\u00f3n u oposici\u00f3n,<br \/>respecto a los datos personales que le conciernen, as\u00ed como tambi\u00e9n solicitar la revocaci\u00f3n<br \/>de su consentimiento, enviando una solicitud a E&amp;P ingresando al sitio web<br \/>www.epm.com.mx, indicando por lo menos su nombre y domicilio completo o cualquier otro<br \/>dato o documento que permita su identificaci\u00f3n, as\u00ed como el objeto de su solicitud y\/o<br \/>tr\u00e1mite a efectuar. Lo anterior se deber\u00e1 realizar en base a la Ley y su Reglamento.<\/p><p>Finalidad<br \/>Sus datos personales e historial como cliente ser\u00e1 utilizado por E&amp;P o por cualquiera de sus<br \/>subsidiarias y\/o filiales, y quedar\u00e1n registrados en nuestra base de datos, as\u00ed como cualquier<br \/>otra informaci\u00f3n personal, sensible o de cualquier otra \u00edndole, siempre que se cumpla con lo<br \/>establecido en la Ley y su Reglamento respecto a cada tipo de informaci\u00f3n. Esta informaci\u00f3n<br \/>puede ser utilizada por E&amp;P para cualquiera de las siguientes finalidades:<\/p><p>Finalidad Comercial<br \/>(i) Nombre del Titular de la Informaci\u00f3n, domicilio, RFC, tel\u00e9fono, n\u00famero de cuenta de<br \/>facturaci\u00f3n, fecha de nacimiento, datos bancarios, ubicaci\u00f3n.<br \/>Esta informaci\u00f3n podr\u00e1 usarse de manera enunciativa m\u00e1s no limitativa para: (1) ofrecerle<br \/>productos y servicios, ya sea de manera f\u00edsica, telef\u00f3nica, electr\u00f3nica o por cualquier otra<br \/>tecnolog\u00eda o medio que est\u00e9 al alcance de E&amp;P; (2) hacer de su conocimiento nuevos<br \/>productos o servicios que puedan ser de inter\u00e9s en relaci\u00f3n con el servicio contratado; (3)<br \/>realizar para su comodidad los cargos facturados de manera autom\u00e1tica; (4) emitir \u00f3rdenes<br \/>de compra o solicitudes de trabajo, seg\u00fan corresponda; y\/o (5) cualquier otra acci\u00f3n que sea<br \/>necesaria para cumplir con los intereses de E&amp;P respecto al acuerdo que haya llegado con el<br \/>Titular de la Informaci\u00f3n.<\/p><p>Finalidad Laboral<br \/>(i) En relaci\u00f3n con ofertas o solicitudes de trabajo mediante la presentaci\u00f3n de curriculum<br \/>vitae, se podr\u00e1 pedir informaci\u00f3n como nombre, domicilio, tel\u00e9fono de contacto, correo<br \/>electr\u00f3nico, nivel de estudios, referencias personales, experiencia profesional, RFC, n\u00famero<br \/>de seguridad social, CURP, identificaci\u00f3n oficial.<br \/>Esta informaci\u00f3n podr\u00e1 usarse de manera enunciativa m\u00e1s no limitativa para: (1) evaluaci\u00f3n<br \/>como posible candidato para ocupar alg\u00fan puesto vacante; (2) en su caso, la elaboraci\u00f3n del<br \/>Contrato de Prestaci\u00f3n de Servicios y\/o Contrato Individual de Trabajo correspondiente; (3)<br \/>para proporcionar referencias en caso de que otra persona o empresa las solicite sobre<br \/>candidatos.<\/p><p>Finalidad de Seguridad en el Acceso a las Instalaciones.<br \/>Esta informaci\u00f3n podr\u00e1 usarse de manera enunciativa m\u00e1s no limitativa para: (1) respaldar,<br \/>registrar y\/o controlar el registro de las personas que accedan o visiten las instalaciones de<br \/>E&amp;P; (2) cumplir con los lineamientos de seguridad establecidos en las pol\u00edticas internas de<br \/>E&amp;P. En relaci\u00f3n con la informaci\u00f3n que se solicite para ingreso a las instalaciones de E&amp;P, se<br \/>podr\u00e1 pedir informaci\u00f3n como nombre completo, firma, identificaci\u00f3n oficial, as\u00ed como<br \/>informaci\u00f3n de equipo electr\u00f3nico que se vaya a ingresar a las instalaciones de E&amp;P.<\/p><p>Transferencia<br \/>El Titular de la Informaci\u00f3n entiende y acepta que E&amp;P y\/o cualquiera de sus subsidiarias y\/o<br \/>filiales, podr\u00e1 transferir sus datos personales a terceros que han sido contratados por E&amp;P<br \/>para que realicen en su nombre y representaci\u00f3n ciertas tareas relacionadas con las<br \/>actividades comerciales y de promoci\u00f3n de sus productos y\/o servicios. Estas terceras partes<br \/>pueden tratar los datos en cumplimiento de las instrucciones de E&amp;P, o tomar decisiones<br \/>sobre ellos como parte de la prestaci\u00f3n de sus servicios. En cualquiera de los dos casos, E&amp;P<br \/>seleccionar\u00e1 proveedores que considere confiables y que se comprometan, mediante un<br \/>contrato u otros medios legales aplicables, a implementar las medidas de seguridad<br \/>necesarias para garantizar un nivel de protecci\u00f3n adecuado a sus datos personales. Derivado<br \/>de lo anterior, E&amp;P exigir\u00e1 a sus proveedores que cumplan con medidas de seguridad que<br \/>garanticen los mismos niveles de protecci\u00f3n que E&amp;P implementa durante el tratamiento de<br \/>sus datos como cliente de E&amp;P. Estas terceras partes seleccionadas tendr\u00e1n acceso a su<br \/>informaci\u00f3n con la finalidad de realizar las tareas especificadas en el contrato de servicios<br \/>aplicable que haya suscrito con E&amp;P. Si E&amp;P determina que un proveedor no est\u00e1 cumpliendo<br \/>con las obligaciones pactadas, tomar\u00e1 inmediatamente las acciones pertinentes.<br \/>Si el titular, no acepta la transmisi\u00f3n de sus datos personales de conformidad con lo<br \/>estipulado en el p\u00e1rrafo anterior, puede ponerse en contacto con E&amp;P, por cualquiera de los<br \/>medios establecidos en el presente Aviso de Privacidad.<\/p><p>Excepciones<br \/>Adicionalmente y de conformidad con lo estipulado en los Art\u00edculos 10, 37 y dem\u00e1s relativos<br \/>de la Ley y su Reglamento, E&amp;P quedar\u00e1 exceptuado de las obligaciones referentes al<br \/>consentimiento para el Tratamiento y Transferencia de sus Datos, cuando:<br \/>I. Est\u00e9 previsto en una Ley;<br \/>II. Los datos figuren en fuentes de acceso p\u00fablico;<br \/>III. Los datos personales se sometan a un procedimiento previo de disociaci\u00f3n;<br \/>IV. Tenga el prop\u00f3sito de cumplir obligaciones derivadas de una relaci\u00f3n jur\u00eddica entre el<br \/>titular y el responsable;<br \/>V. Exista una situaci\u00f3n de emergencia que potencialmente pueda da\u00f1ar a un individuo<br \/>en su persona o en sus bienes;<br \/>VI. Sean indispensables para la atenci\u00f3n m\u00e9dica, la prevenci\u00f3n, diagn\u00f3stico, la prestaci\u00f3n<br \/>de asistencia sanitaria, tratamientos m\u00e9dicos o la gesti\u00f3n de servicios sanitarios;<br \/>VII. Se dicte resoluci\u00f3n de autoridad competente;<br \/>VIII. Cuando la transferencia sea precisa para el reconocimiento, ejercicio o defensa de un<br \/>derecho en un proceso judicial, y<br \/>IX. Cuando la transferencia sea precisa para el mantenimiento o cumplimiento de una<br \/>relaci\u00f3n jur\u00eddica entre el responsable y el titular.<\/p><p>Modificaciones<br \/>En caso de que se requiera alguna modificaci\u00f3n a lo estipulado en el presente Aviso de<br \/>Privacidad, E&amp;P se obliga a hacer del conocimiento los cambios que en su caso se requieran,<br \/>por cualquier medio, incluidos los electr\u00f3nicos, previo aviso que se le d\u00e9 a usted para que se<br \/>manifieste por su parte, lo que a su derecho convenga, ya que de no recibir negativa expresa<br \/>y por escrito de su parte, o bien, respuesta alguna, se entender\u00e1 que usted acepta de<br \/>conformidad los cambios realizados.<\/p><p>Consentimiento del Titular<br \/>El Titular de la Informaci\u00f3n reconoce y acepta que en caso de que este \u201cAviso de Privacidad\u201d<br \/>est\u00e9 disponible a trav\u00e9s de una p\u00e1gina electr\u00f3nica (sitio web, p\u00e1gina de Internet o similar) o<br \/>alg\u00fan otro dispositivo electr\u00f3nico, al hacer clic en \u201caceptar\u201d o de cualquier otra forma seguir<br \/>navegando en el sitio, o bien al proporcionar sus Datos a trav\u00e9s del mismo o a trav\u00e9s de<br \/>cualquier medio electr\u00f3nico (correo electr\u00f3nico, etc.), constituye una manifestaci\u00f3n de su<br \/>consentimiento para que E&amp;P realice el tratamiento de sus Datos, de conformidad con este<br \/>Aviso de Privacidad.<\/p><p>Asimismo de igual manera manifiesta que en caso de que este \u201cAviso de Privacidad\u201d est\u00e9<br \/>disponible por escrito, su firma, r\u00fabrica, nombre o huella o bien al proporcionar sus Datos,<br \/>constituye una manifestaci\u00f3n de su consentimiento para que E&amp;P realice el tratamiento de<br \/>sus datos, de conformidad con este \u201cAviso de Privacidad\u201d.<\/p><p>Notificaci\u00f3n de cambios del aviso<br \/>Si E&amp;P cambia este aviso de privacidad, dichos cambios aparecer\u00e1n en el sitio web<br \/>www.epm.com.mx<br \/>Si usted tiene alguna pregunta o desea ejercer alg\u00fan derecho relacionado con esta<br \/>declaraci\u00f3n de privacidad, por favor comun\u00edquese con E&amp;P y\/o sus empresas filiales a la<br \/>siguiente direcci\u00f3n: COMPRAS@EPM.COM.MX .<br \/>Este aviso de privacidad ha sido creado en base a las reglas expedidas por la Ley Federal de<br \/>Protecci\u00f3n de Datos Personales en Posesi\u00f3n de los Particulares con fundamento en los<br \/>art\u00edculos 16, 17 y 36 de la Ley y corresponsales de su Reglamento.<\/p>\t\t\t\t\t\t\t\t<\/div>\n\t\t\t\t<\/div>\n\t\t\t\t\t<\/div>\n\t\t<\/div>\n\t\t\t\t\t<\/div>\n\t\t<\/section>\n\t\t\t\t\t<\/div>\n\t\t<\/div>\n\t\t\t\t\t<\/div>\n\t\t<\/section>\n\t\t\t\t<\/div>\n\t\t","protected":false},"excerpt":{"rendered":"<p>El presente documento constituye el \u201cAviso de Privacidad\u201d de E&amp;P Plastic SA de CV, y de susfiliales y subsidiarias (en lo sucesivo \u201cE&amp;P\u201d), con domicilio Tri\u00e1ngulos 109 parque industrialArco Vial, Garcia N.L., M\u00e9xico C.P. 66000, en donde se establece la manera en que ser\u00e1tratada su informaci\u00f3n por parte de E&amp;P, as\u00ed como la finalidad para [&hellip;]<\/p>\n","protected":false},"author":5,"featured_media":0,"parent":0,"menu_order":0,"comment_status":"closed","ping_status":"closed","template":"","meta":{"site-sidebar-layout":"no-sidebar","site-content-layout":"page-builder","ast-site-content-layout":"default","site-content-style":"default","site-sidebar-style":"default","ast-global-header-display":"","ast-banner-title-visibility":"","ast-main-header-display":"","ast-hfb-above-header-display":"","ast-hfb-below-header-display":"","ast-hfb-mobile-header-display":"","site-post-title":"disabled","ast-breadcrumbs-content":"","ast-featured-img":"disabled","footer-sml-layout":"","ast-disable-related-posts":"","theme-transparent-header-meta":"","adv-header-id-meta":"","stick-header-meta":"","header-above-stick-meta":"","header-main-stick-meta":"","header-below-stick-meta":"","astra-migrate-meta-layouts":"default","ast-page-background-enabled":"default","ast-page-background-meta":{"desktop":{"background-color":"var(--ast-global-color-4)","background-image":"","background-repeat":"repeat","background-position":"center center","background-size":"auto","background-attachment":"scroll","background-type":"","background-media":"","overlay-type":"","overlay-color":"","overlay-opacity":"","overlay-gradient":""},"tablet":{"background-color":"","background-image":"","background-repeat":"repeat","background-position":"center center","background-size":"auto","background-attachment":"scroll","background-type":"","background-media":"","overlay-type":"","overlay-color":"","overlay-opacity":"","overlay-gradient":""},"mobile":{"background-color":"","background-image":"","background-repeat":"repeat","background-position":"center center","background-size":"auto","background-attachment":"scroll","background-type":"","background-media":"","overlay-type":"","overlay-color":"","overlay-opacity":"","overlay-gradient":""}},"ast-content-background-meta":{"desktop":{"background-color":"var(--ast-global-color-5)","background-image":"","background-repeat":"repeat","background-position":"center center","background-size":"auto","background-attachment":"scroll","background-type":"","background-media":"","overlay-type":"","overlay-color":"","overlay-opacity":"","overlay-gradient":""},"tablet":{"background-color":"var(--ast-global-color-5)","background-image":"","background-repeat":"repeat","background-position":"center center","background-size":"auto","background-attachment":"scroll","background-type":"","background-media":"","overlay-type":"","overlay-color":"","overlay-opacity":"","overlay-gradient":""},"mobile":{"background-color":"var(--ast-global-color-5)","background-image":"","background-repeat":"repeat","background-position":"center center","background-size":"auto","background-attachment":"scroll","background-type":"","background-media":"","overlay-type":"","overlay-color":"","overlay-opacity":"","overlay-gradient":""}},"footnotes":""},"class_list":["post-1191","page","type-page","status-publish","hentry"],"_links":{"self":[{"href":"https:\/\/epm.com.mx\/index.php?rest_route=\/wp\/v2\/pages\/1191","targetHints":{"allow":["GET"]}}],"collection":[{"href":"https:\/\/epm.com.mx\/index.php?rest_route=\/wp\/v2\/pages"}],"about":[{"href":"https:\/\/epm.com.mx\/index.php?rest_route=\/wp\/v2\/types\/page"}],"author":[{"embeddable":true,"href":"https:\/\/epm.com.mx\/index.php?rest_route=\/wp\/v2\/users\/5"}],"replies":[{"embeddable":true,"href":"https:\/\/epm.com.mx\/index.php?rest_route=%2Fwp%2Fv2%2Fcomments&post=1191"}],"version-history":[{"count":4,"href":"https:\/\/epm.com.mx\/index.php?rest_route=\/wp\/v2\/pages\/1191\/revisions"}],"predecessor-version":[{"id":1199,"href":"https:\/\/epm.com.mx\/index.php?rest_route=\/wp\/v2\/pages\/1191\/revisions\/1199"}],"wp:attachment":[{"href":"https:\/\/epm.com.mx\/index.php?rest_route=%2Fwp%2Fv2%2Fmedia&parent=1191"}],"curies":[{"name":"wp","href":"https:\/\/api.w.org\/{rel}","templated":true}]}}